{"id":93,"date":"2025-03-27T18:05:00","date_gmt":"2025-03-27T18:05:00","guid":{"rendered":"https:\/\/nacionaldetango.cl\/?page_id=93"},"modified":"2026-02-09T15:59:43","modified_gmt":"2026-02-09T15:59:43","slug":"competidores","status":"publish","type":"page","link":"https:\/\/nacionaldetango.cl\/index.php\/competidores\/","title":{"rendered":"Competidores"},"content":{"rendered":"\n<figure class=\"wp-block-image size-full\"><img loading=\"lazy\" decoding=\"async\" width=\"960\" height=\"540\" src=\"https:\/\/nacionaldetango.cl\/wp-content\/uploads\/2025\/03\/noti2.jpg\" alt=\"\" class=\"wp-image-66\" srcset=\"https:\/\/nacionaldetango.cl\/wp-content\/uploads\/2025\/03\/noti2.jpg 960w, https:\/\/nacionaldetango.cl\/wp-content\/uploads\/2025\/03\/noti2-300x169.jpg 300w, https:\/\/nacionaldetango.cl\/wp-content\/uploads\/2025\/03\/noti2-768x432.jpg 768w\" sizes=\"auto, (max-width: 960px) 100vw, 960px\" \/><figcaption class=\"wp-element-caption\">Fotograf\u00eda de los competidores del nacional de Tango a\u00f1o 2022<\/figcaption><\/figure>\n\n\n\n<p>Todas las parejas inscritas en el 12\u00b0 Campeonato nacional de Tango tendr\u00e1n entrada liberada a los eventos previos y la inscripci\u00f3n al concurso ser\u00e1 completamente gratuita.<\/p>\n\n\n\n<h2 class=\"wp-block-heading\">Formulario de Inscripci\u00f3n<\/h2>\n\n\n<div class=\"wpforms-container wpforms-container-full wpforms-block wpforms-block-4e913842-1421-4d44-b532-8a57b13d076a wpforms-render-modern\" id=\"wpforms-43\"><form id=\"wpforms-form-43\" class=\"wpforms-validate wpforms-form wpforms-ajax-form\" data-formid=\"43\" method=\"post\" enctype=\"multipart\/form-data\" action=\"\/index.php\/wp-json\/wp\/v2\/pages\/93\" data-token=\"77c8216dc96c1a354eb856599127e258\" data-token-time=\"1776691514\"><noscript class=\"wpforms-error-noscript\">Por favor, activa JavaScript en tu navegador para completar este formulario.<\/noscript><div class=\"wpforms-hidden\" id=\"wpforms-error-noscript\">Por favor, activa JavaScript en tu navegador para completar este formulario.<\/div><div class=\"wpforms-field-container\"><div id=\"wpforms-43-field_7-container\" class=\"wpforms-field wpforms-field-text\" data-field-id=\"7\"><label class=\"wpforms-field-label\" for=\"wpforms-43-field_7\">Nombre competidor competidor 1 <span class=\"wpforms-required-label\" aria-hidden=\"true\">*<\/span><\/label><input type=\"text\" id=\"wpforms-43-field_7\" class=\"wpforms-field-medium wpforms-field-required\" name=\"wpforms[fields][7]\" aria-errormessage=\"wpforms-43-field_7-error\" required><\/div><div id=\"wpforms-43-field_8-container\" class=\"wpforms-field wpforms-field-text\" data-field-id=\"8\"><label class=\"wpforms-field-label\" for=\"wpforms-43-field_8\">Nombre competidor competidor 2 <span class=\"wpforms-required-label\" aria-hidden=\"true\">*<\/span><\/label><input type=\"text\" id=\"wpforms-43-field_8\" class=\"wpforms-field-medium wpforms-field-required\" name=\"wpforms[fields][8]\" aria-errormessage=\"wpforms-43-field_8-error\" required><\/div><div id=\"wpforms-43-field_4-container\" class=\"wpforms-field wpforms-field-number\" data-field-id=\"4\"><label class=\"wpforms-field-label\" for=\"wpforms-43-field_4\">Tel\u00e9fono <span class=\"wpforms-required-label\" aria-hidden=\"true\">*<\/span><\/label><input type=\"number\" id=\"wpforms-43-field_4\" class=\"wpforms-field-medium wpforms-field-required\" name=\"wpforms[fields][4]\" step=\"any\" aria-errormessage=\"wpforms-43-field_4-error\" required><\/div><div id=\"wpforms-43-field_6-container\" class=\"wpforms-field wpforms-field-email\" data-field-id=\"6\"><label class=\"wpforms-field-label\" for=\"wpforms-43-field_6\">Correo electr\u00f3nico <span class=\"wpforms-required-label\" aria-hidden=\"true\">*<\/span><\/label><input type=\"email\" id=\"wpforms-43-field_6\" class=\"wpforms-field-medium wpforms-field-required\" name=\"wpforms[fields][6]\" spellcheck=\"false\" aria-errormessage=\"wpforms-43-field_6-error\" required><\/div><div id=\"wpforms-43-field_2-container\" class=\"wpforms-field wpforms-field-text\" data-field-id=\"2\"><label class=\"wpforms-field-label\" for=\"wpforms-43-field_2\">Ciudad <span class=\"wpforms-required-label\" aria-hidden=\"true\">*<\/span><\/label><input type=\"text\" id=\"wpforms-43-field_2\" class=\"wpforms-field-medium wpforms-field-required\" name=\"wpforms[fields][2]\" aria-errormessage=\"wpforms-43-field_2-error\" required><\/div><div id=\"wpforms-43-field_5-container\" class=\"wpforms-field wpforms-field-radio\" data-field-id=\"5\"><fieldset><legend class=\"wpforms-field-label\">Clasificaciones<\/legend><ul id=\"wpforms-43-field_5\"><li class=\"choice-1 depth-1\"><input type=\"radio\" id=\"wpforms-43-field_5_1\" name=\"wpforms[fields][5]\" value=\"Tango Sal\u00f3n\" aria-errormessage=\"wpforms-43-field_5_1-error\"  ><label class=\"wpforms-field-label-inline\" for=\"wpforms-43-field_5_1\">Tango Sal\u00f3n<\/label><\/li><li class=\"choice-2 depth-1\"><input type=\"radio\" id=\"wpforms-43-field_5_2\" name=\"wpforms[fields][5]\" value=\"Tango Escenario\" aria-errormessage=\"wpforms-43-field_5_2-error\"  ><label class=\"wpforms-field-label-inline\" for=\"wpforms-43-field_5_2\">Tango Escenario<\/label><\/li><\/ul><\/fieldset><\/div><\/div><!-- .wpforms-field-container --><div class=\"wpforms-submit-container\" ><input type=\"hidden\" name=\"wpforms[id]\" value=\"43\"><input type=\"hidden\" name=\"page_title\" value=\"\"><input type=\"hidden\" name=\"page_url\" value=\"https:\/\/nacionaldetango.cl\/index.php\/wp-json\/wp\/v2\/pages\/93\"><input type=\"hidden\" name=\"url_referer\" value=\"\"><button type=\"submit\" name=\"wpforms[submit]\" id=\"wpforms-submit-43\" class=\"wpforms-submit\" data-alt-text=\"Enviando...\" data-submit-text=\"Enviar\" aria-live=\"assertive\" value=\"wpforms-submit\">Enviar<\/button><img loading=\"lazy\" decoding=\"async\" src=\"https:\/\/nacionaldetango.cl\/wp-content\/plugins\/wpforms-lite\/assets\/images\/submit-spin.svg\" class=\"wpforms-submit-spinner\" style=\"display: none;\" width=\"26\" height=\"26\" alt=\"Cargando\"><\/div><\/form><\/div>  <!-- .wpforms-container -->","protected":false},"excerpt":{"rendered":"<p>Todas las parejas inscritas en el 12\u00b0 Campeonato nacional de Tango tendr\u00e1n entrada liberada a los eventos previos y la inscripci\u00f3n al concurso ser\u00e1 completamente gratuita. Formulario de Inscripci\u00f3n<\/p>\n","protected":false},"author":1,"featured_media":328,"parent":0,"menu_order":0,"comment_status":"closed","ping_status":"closed","template":"","meta":{"footnotes":""},"class_list":["post-93","page","type-page","status-publish","has-post-thumbnail","hentry"],"_links":{"self":[{"href":"https:\/\/nacionaldetango.cl\/index.php\/wp-json\/wp\/v2\/pages\/93","targetHints":{"allow":["GET"]}}],"collection":[{"href":"https:\/\/nacionaldetango.cl\/index.php\/wp-json\/wp\/v2\/pages"}],"about":[{"href":"https:\/\/nacionaldetango.cl\/index.php\/wp-json\/wp\/v2\/types\/page"}],"author":[{"embeddable":true,"href":"https:\/\/nacionaldetango.cl\/index.php\/wp-json\/wp\/v2\/users\/1"}],"replies":[{"embeddable":true,"href":"https:\/\/nacionaldetango.cl\/index.php\/wp-json\/wp\/v2\/comments?post=93"}],"version-history":[{"count":1,"href":"https:\/\/nacionaldetango.cl\/index.php\/wp-json\/wp\/v2\/pages\/93\/revisions"}],"predecessor-version":[{"id":95,"href":"https:\/\/nacionaldetango.cl\/index.php\/wp-json\/wp\/v2\/pages\/93\/revisions\/95"}],"wp:featuredmedia":[{"embeddable":true,"href":"https:\/\/nacionaldetango.cl\/index.php\/wp-json\/wp\/v2\/media\/328"}],"wp:attachment":[{"href":"https:\/\/nacionaldetango.cl\/index.php\/wp-json\/wp\/v2\/media?parent=93"}],"curies":[{"name":"wp","href":"https:\/\/api.w.org\/{rel}","templated":true}]}}