{"id":56,"date":"2025-03-26T19:29:24","date_gmt":"2025-03-26T19:29:24","guid":{"rendered":"https:\/\/nacionaldetango.cl\/?page_id=56"},"modified":"2025-03-26T19:29:24","modified_gmt":"2025-03-26T19:29:24","slug":"reglamento","status":"publish","type":"page","link":"https:\/\/nacionaldetango.cl\/index.php\/reglamento\/","title":{"rendered":"Reglamento"},"content":{"rendered":"\n<p><strong>Reglamento Preliminares Oficiales Internacionales de Tango Buenos Aires Festival y Mundial 2025<\/strong><\/p>\n\n\n\n<p>El presente reglamento rige para todas las Preliminares Oficiales Internacionales de Tango Buenos Aires Festival y Mundial a realizarse en el a\u00f1o 2025.<\/p>\n\n\n\n<p>La competencia de Baile de Tango (\u201cLA COMPETENCIA\u201d) estar\u00e1 comprendida por las categor\u00edas Tango de Pista y\/o Tango Escenario. Ambas categor\u00edas ser\u00e1n de participaci\u00f3n libre, tanto para aficionados como para profesionales.<\/p>\n\n\n\n<p><strong><u>DE LA ORGANIZACI\u00d3N:<\/u><\/strong><\/p>\n\n\n\n<p>La entidad organizadora (\u201cLA ORGANIZACI\u00d3N\u201d) de LA COMPETENCIA PRELIMINAR OFICIAL DE TANGO BUENOS AIRES FESTIVAL Y MUNDIAL 2025 ser\u00e1 la \u00fanica responsable de la realizaci\u00f3n del evento y podr\u00e1 arancelar tanto la inscripci\u00f3n de las parejas en la misma, como las inscripciones en talleres, workshops u otras actividades programadas. A tal efecto, LA ORGANIZACI\u00d3N deber\u00e1 comunicar los detalles relativos a las fechas y v\u00edas de inscripci\u00f3n, premios y menciones adicionales al establecido en el presente reglamento.<\/p>\n\n\n\n<p>Sin perjuicio de ello, la autoridad m\u00e1xima de la competencia \u2013en lo referente al cumplimiento de todas las disposiciones del presente reglamento- ser\u00e1 la Direcci\u00f3n General de Festivales y Noches Culturales del Ministerio de Cultura del Gobierno de la Ciudad de Buenos Aires (\u201cFESTIVALES BA\u201d).<\/p>\n\n\n\n<p>En este sentido, cualquier actividad relacionada con la realizaci\u00f3n de la PRELIMINAR deber\u00e1 ajustarse al presente reglamento.<\/p>\n\n\n\n<h1 class=\"wp-block-heading\">DE LA INSCRIPCI\u00d3N<\/h1>\n\n\n\n<p>Podr\u00e1n inscribirse en la competencia parejas integradas por personas mayores de 18 a\u00f1os cumplidos a la fecha de inicio de la competencia local, que acrediten fehacientemente y con documentos de validez legal un m\u00ednimo de 1 (un) a\u00f1o de residencia dentro del \u00e1rea de influencia de la Preliminar.<\/p>\n\n\n\n<p>Ninguna persona podr\u00e1 inscribirse en m\u00e1s de una oportunidad en una misma categor\u00eda, pero s\u00ed en diferentes, con el mismo o diferente pareja.<\/p>\n\n\n\n<p>Si ambos integrantes de la pareja son residentes en ciudades diferentes dentro de la zona de influencia de la Preliminar, deber\u00e1n elegir y consignar a qu\u00e9 ciudad representar.<\/p>\n\n\n\n<p>Estar\u00e1n inhabilitadas para competir las siguientes personas: personal de la Direcci\u00f3n General de Festivales y Noches Culturales (DGFNC), organizadores de Preliminares Oficiales y jurados de Tango Buenos Aires Mundial de Baile y sus preliminares ni Campeonato de Baile de la Ciudad; auspiciantes y\/o personal de empresas que auspicien la PRELIMINAR, o cualquier persona que mantenga un v\u00ednculo permanente o temporario con la DGFNC.<\/p>\n\n\n\n<p>Tambi\u00e9n estar\u00e1n inhabilitados para competir aquellos participantes o parejas que hayan sido descalificados o eliminados en ediciones anteriores, ya sea de una Competencia Preliminar o del Mundial de Baile, especialmente en aquellos casos en los que la eliminaci\u00f3n haya sido producto de incumplimientos graves a las normas de la competencia.<\/p>\n\n\n\n<h1 class=\"wp-block-heading\">DE LA ACREDITACI\u00d3N<\/h1>\n\n\n\n<p>A los fines de la acreditaci\u00f3n, todos los inscriptos deber\u00e1n concurrir en la fecha y horario en que sean citados por la Organizaci\u00f3n de la Preliminar, siendo obligatoria la presentaci\u00f3n de la tarjeta o documento de identificaci\u00f3n nacional (ID) en original o pasaporte con su residencia vigente. En ese momento se les entregar\u00e1 un n\u00famero de orden y se les informar\u00e1 sobre fechas, lugares y horarios aproximados en los que se llevar\u00e1n a cabo sus presentaciones en las diferentes instancias de la categor\u00eda correspondiente.<\/p>\n\n\n\n<p>Los inscriptos que no se presenten al momento de la acreditaci\u00f3n no podr\u00e1n participar del campeonato. El retraso s\u00f3lo ser\u00e1 tenido en cuenta por razones de fuerza mayor debidamente justificadas con comprobantes, salvo en el caso de presentarse situaciones que resulten de dominio p\u00fablico. Una vez finalizada esta instancia, los competidores ya no podr\u00e1n acreditarse.<\/p>\n\n\n\n<p>En el momento de la acreditaci\u00f3n, los inscriptos deber\u00e1n presentar el formulario de inscripci\u00f3n junto con la informaci\u00f3n adicional requerida por la organizaci\u00f3n. En ese formulario tambi\u00e9n deber\u00e1n informar si en los \u00faltimos 6 meses previos al campeonato han mantenido alguna relaci\u00f3n laboral, profesional o personal con alguno de los jurados de la competencia, ya sea mantener un v\u00ednculo afectivo, personal con uno o varios de los jurados, haber tomado clases privadas con uno o varios de los jurados, presentar una coreograf\u00eda en Tango Escenario que haya sido creada, revisada o preparada junto a uno o varios de los jurados, haber uno o ambos bailarines de la pareja contratado a uno o varios de los jurados o sido contratados por alguno de ellos para participar de un mismo evento, dando exhibiciones o clases dentro del mismo. Esta declaraci\u00f3n ser\u00e1 cotejada por el veedor con los jurados a modo de definir posibles abstenciones.<\/p>\n\n\n\n<p>Asimismo, en el caso de Tango Escenario las parejas competidoras no podr\u00e1n presentar coreograf\u00edas creadas, revisadas o preparadas por alg\u00fan integrante de la Organizaci\u00f3n de la Preliminar.<\/p>\n\n\n\n<p>Todos los datos aportados en el momento de la acreditaci\u00f3n tendr\u00e1n car\u00e1cter de declaraci\u00f3n jurada. Cualquier contradicci\u00f3n en los mismos, posterior a la firma, podr\u00e1 ser penada por con la reducci\u00f3n de puntaje, la descalificaci\u00f3n para concursar o cualquier otra disposici\u00f3n que se considere oportuna.<\/p>\n\n\n\n<p>La tarjeta o documento de identificaci\u00f3n nacional (ID) y pasaporte en la acreditaci\u00f3n deber\u00e1n ser presentados antes de cada jornada de la competencia.<\/p>\n\n\n\n<p>Todos los participantes del Campeonato se comprometen a tomar parte en los diversos actos y eventos planificados por la Organizaci\u00f3n de la Preliminar \u2013siempre que sean citados para tal fin- como conferencias de prensa, entrevistas en programas de radio y televisi\u00f3n de aire y cable, medios de comunicaci\u00f3n digitales, etc.<\/p>\n\n\n\n<h1 class=\"wp-block-heading\">DEL CERTAMEN<\/h1>\n\n\n\n<p>LA COMPETENCIA, en ambas categor\u00edas, podr\u00e1 desarrollarse en 3 (tres) etapas (seg\u00fan cronograma establecido por la Organizaci\u00f3n): a) Clasificaci\u00f3n, b) Semifinal, c) Final.<\/p>\n\n\n\n<ol style=\"list-style-type:lower-alpha\" class=\"wp-block-list\">\n<li>Clasificaci\u00f3n: participar\u00e1n todas las parejas inscriptas<\/li>\n\n\n\n<li>Semifinal: competir\u00e1n las parejas que hayan sido seleccionadas en la etapa de clasificaci\u00f3n.<\/li>\n\n\n\n<li>Final: intervendr\u00e1n las parejas elegidas en la Semifinal.<\/li>\n<\/ol>\n\n\n\n<p>Al momento de la competencia deben presentarse al menos diez (10) parejas a las rondas clasificatorias en la categor\u00eda Tango Escenario y al menos veinte (20) en la categor\u00eda Tango de Pista para que la competencia sea considerada oficial (independientemente de la cantidad de inscriptos). En caso contrario, el certamen dejar\u00e1 de ser oficial y la pareja que resulte campeona no quedar\u00e1 clasificada para competir en TANGO BUENOS AIRES FESTIVAL Y MUNDIAL 2025.<\/p>\n\n\n\n<p>En la categor\u00eda Tango de Pista, las parejas competir\u00e1n en presentaciones grupales, bailando 3 (tres) temas grabados. La m\u00fasica podr\u00e1 ser propuesta por la Organizaci\u00f3n pero deber\u00e1 ser consensuada con el\/la veedor\/a de FESTIVALES BA. Se tendr\u00e1n en cuenta especialmente en este punto las recomendaciones del jurado.<\/p>\n\n\n\n<p>En la categor\u00eda Tango Escenario, cada pareja competir\u00e1 individualmente, bailando un tema que haya escogido. El mismo no podr\u00e1 superar la duraci\u00f3n m\u00e1xima de 4 (cuatro) minutos y deber\u00e1 ser entregado a la Organizaci\u00f3n en formato digital (mp3 y mediante pen-drive) durante la instancia de Acreditaci\u00f3n. En esa misma instancia, los participantes deber\u00e1n declarar el nombre y apellido del autor de la coreograf\u00eda que presentar\u00e1n. Las parejas podr\u00e1n presentar diferentes coreograf\u00edas en las distintas instancias del certamen.<\/p>\n\n\n\n<p>Podr\u00e1n ser descalificadas aquellas parejas que:<\/p>\n\n\n\n<ol style=\"list-style-type:lower-alpha\" class=\"wp-block-list\">\n<li>No cumplan las disposiciones reglamentarias.<\/li>\n\n\n\n<li>Efect\u00faen durante el transcurso de la competencia, cualquier manifestaci\u00f3n (por el medio que fuere) de \u00edndole pol\u00edtica o religiosa, que pudiera resultar ofensiva para el p\u00fablico o la organizaci\u00f3n, o afectar el desarrollo del evento.<\/li>\n\n\n\n<li>Incurran en cualquier falta \u00e9tica o acto impropio que tienda a empa\u00f1ar la imagen de la Preliminar y\/o del Mundial de Baile 2025 \u00f3 a causar desagrado en el p\u00fablico.<\/li>\n\n\n\n<li>Efect\u00faen, en el \u00e1mbito o con motivo del certamen, dentro y fuera de sus instalaciones, cualquier acci\u00f3n de agresi\u00f3n f\u00edsica y\/o verbal contra cualquier persona, ya sea participante, miembro del jurado o staff, o p\u00fablico general.<\/li>\n<\/ol>\n\n\n\n<p>Ante la presencia de cualquiera de estos supuestos, LA ORGANIZACI\u00d3N y FESTIVALES BA podr\u00e1n de com\u00fan acuerdo determinar la descalificaci\u00f3n o eliminaci\u00f3n de la competencia de la pareja.<\/p>\n\n\n\n<p>Los competidores podr\u00e1n tomar clases o seminarios dictados por los jurados, siempre y cuando \u00e9stas sean grupales, pero no podr\u00e1n tomar clases privadas dictadas por cualquier miembro del jurado mientras se encuentren dentro de la competencia.<\/p>\n\n\n\n<h1 class=\"wp-block-heading\">DEL JURADO<\/h1>\n\n\n\n<p>En ambas categor\u00edas, el jurado estar\u00e1 compuesto por un m\u00ednimo de cuatro (4) jueces, que, conociendo y aceptando el reglamento de la competencia -y comprometi\u00e9ndose a cumplirlo-, dictaminar\u00e1n el puntaje de las parejas participantes. Dichos jueces ser\u00e1n designados de com\u00fan acuerdo entre la Preliminar y la Direcci\u00f3n de Festivales.<\/p>\n\n\n\n<p>Todos los fallos del jurado ser\u00e1n inapelables y de \u00fanica instancia. Los participantes, por el solo hecho de inscribirse, dan por aceptada esa condici\u00f3n. En caso de cualquier duda o disconformidad, el interesado podr\u00e1 realizar una presentaci\u00f3n escrita (en castellano o en ingl\u00e9s) a LA ORGANIZACI\u00d3N y NO directamente al tribunal evaluador.<\/p>\n\n\n\n<p>Aquel jurado que haya mantenido una relaci\u00f3n laboral y\/o personal o sido docente de alguno de los participantes del Campeonato durante un lapso de al menos 6 meses previos a la fecha de realizaci\u00f3n del certamen, deber\u00e1 abstenerse de emitir su calificaci\u00f3n sobre el mismo. Para tal fin ser\u00e1n tenidas en cuenta tanto las declaraciones voluntarias de los jurados como la informaci\u00f3n que brindan los propios participantes al momento de completar la ficha de inscripci\u00f3n.<\/p>\n\n\n\n<p>En estos casos la organizaci\u00f3n podr\u00e1 optar por poner un jurado suplente o establecer el puntaje final de la pareja a partir del promedio surgido por la cantidad de jurados que hayan emitido su voto para obtener el puntaje final de la pareja, se sumar\u00e1n las calificaciones de los jueces, dividiendo esa suma por la cantidad de jurados que hayan efectivamente emitido su voto.<\/p>\n\n\n\n<p>El puntaje de cada una de las presentaciones surgir\u00e1 de la acumulaci\u00f3n de puntos otorgados por cada jurado con los siguientes par\u00e1metros de puntuaci\u00f3n en cada una de las instancias: Clasificatorias 5 a 8, Semifinal 6 a 9 y Final 7 a 10. A partir del puntaje obtenido se obtendr\u00e1 un promedio resultante de dividir el total por la cantidad de integrantes del jurado que hayan votado.<\/p>\n\n\n\n<p>La Organizaci\u00f3n podr\u00e1 otorgar premios y menciones especiales para el segundo y tercer puesto, y estar\u00e1 facultado para realizar otras menciones en la medida en que lo crea conveniente.<\/p>\n\n\n\n<p>En casos excepcionales (interrupci\u00f3n el\u00e9ctrica, incidentes en el escenario, etc) el jurado junto con el veedor podr\u00e1 determinar que los concursantes bailen temas adicionales para lograr arribar a una votaci\u00f3n justa, sin que los participantes puedan negarse a hacerlo.<\/p>\n\n\n\n<p>En caso de empate en el primer puesto de la instancia final, las parejas deber\u00e1n desempatar, ya sea bailando uno (1) o dos (2) temas adicionales en la categor\u00eda Tango de Pista, o presentando su coreograf\u00eda nuevamente en el caso de la categor\u00eda Tango Escenario, hasta tanto la votaci\u00f3n del jurado arroje la pareja campeona. Los puntajes obtenidos por cada pareja dentro de la competencia se har\u00e1n p\u00fablicos, luego de cada instancia concluida.<\/p>\n\n\n\n<h1 class=\"wp-block-heading\">DEL VEEDOR<\/h1>\n\n\n\n<p>El Veedor ser\u00e1 designado por la Direcci\u00f3n General de Festivales y Noches Culturales y tendr\u00e1 la responsabilidad de garantizar el cumplimiento del presente reglamento, como tambi\u00e9n resolver\u00e1 debidamente cualquier imponderable dentro del marco de la competencia, y establecer\u00e1 o informar\u00e1 sobre las normas aclaratorias o interpretativas del mismo que considere necesarias.<\/p>\n\n\n\n<p>En caso de que presentara alg\u00fan tipo de reclamo por parte de un participante o jurado, deber\u00e1 ser informado ante el veedor, en el marco de la competencia. La decisi\u00f3n sobre la controversia ser\u00e1 tomada entre el veedor, el representante institucional del Ministerio de Cultura y la ORGANIZACI\u00d3N de la PRELIMINAR.<\/p>\n\n\n\n<h1 class=\"wp-block-heading\">DEL CONCURSO (PAR\u00c1METROS DE EVALUACI\u00d3N)<\/h1>\n\n\n\n<h2 class=\"wp-block-heading\">1. TANGO DE PISTA (LIBRE, AFICIONADOS Y PROFESIONALES)<\/h2>\n\n\n\n<p>El Tango de Pista es entendido como un baile social, donde lo m\u00e1s importante es la improvisaci\u00f3n, el abrazo y la conexi\u00f3n entre la pareja.<\/p>\n\n\n\n<p><strong>De la circulaci\u00f3n de las rondas: <\/strong>La categor\u00eda de Tango de Pista se bailar\u00e1 en rondas y las parejas, como en la pista de baile, deber\u00e1n trasladarse constantemente en el sentido contrario al que siguen las agujas del reloj, sin retroceder. Pueden, si el movimiento lo necesita, caminar uno o dos pasos hacia atr\u00e1s, siempre dentro del espacio de la pareja.<\/p>\n\n\n\n<p>La pareja debe tener registro y respetar el espacio propio y el del resto de los compa\u00f1eros en la ronda en pos de no entorpecer la armon\u00eda en la circulaci\u00f3n de la misma. Si una pareja se demora en su lugar, obstaculizando esta circulaci\u00f3n el jurado podr\u00e1 bajar el puntaje. Llegado el caso que una pareja de la ronda pare la din\u00e1mica de circulaci\u00f3n de la pista, no est\u00e1 permitido adelantarlos. Los jurados considerar\u00e1n si esta ronda debe bailar un tango m\u00e1s para resolver el inconveniente.<\/p>\n\n\n\n<p>La pareja, una vez conformada, no podr\u00e1 separarse mientras dure la m\u00fasica. Para que la posici\u00f3n sea considerada correcta, el cuerpo de uno de los integrantes de la pareja debe estar contenido, todo el tiempo, por el abrazo del otro, entendi\u00e9ndose que \u2013en determinadas figuras\u2013 esto puede ser el\u00e1stico. Todos los movimientos y figuras deber\u00e1n ser realizados dentro del espacio que permita el abrazo entre los integrantes de la pareja, de modo de no perjudicar a las parejas circundantes.<\/p>\n\n\n\n<p><strong>De los par\u00e1metros de evaluaci\u00f3n: <\/strong>Se podr\u00e1n realizar todas las figuras que son de uso popular del tango \u00absocial\u00bb, incluy\u00e9ndose barridas, sacadas al piso, enrosques, l\u00e1pices, ganchos, boleos, etc., como as\u00ed tambi\u00e9n el uso de adornos, siempre dentro del espacio propio y sin invadir ni estorbar el espacio de las parejas circundantes. Quedan completamente excluidos los saltos, las figuras que pierdan el contacto de ambos pies con el piso y otra posibilidad coreogr\u00e1fica propia del Tango Escenario.<\/p>\n\n\n\n<p>El Jurado tomar\u00e1 en cuenta, como punto fundamental, la interpretaci\u00f3n personal de cada pareja en los diferentes estilos. Se tendr\u00e1n en cuenta la musicalidad y la elegancia en el andar, pero sobre todo la conexi\u00f3n de la pareja y la b\u00fasqueda de su propia personalidad, cambiando la din\u00e1mica y velocidad en relaci\u00f3n al tango que est\u00e1 sonando respetando la interpretaci\u00f3n del mismo.<\/p>\n\n\n\n<p><strong>De la vestimenta: <\/strong>La vestimenta no ser\u00e1 considerada par\u00e1metro de evaluaci\u00f3n, pero se recomienda asistir a las presentaciones con buena presencia. Recuerde a la hora de elegir su vestimenta y peinado y maquillaje que el Tango de Pista es un baile social y no de escenario.<\/p>\n\n\n\n<h2 class=\"wp-block-heading\">2. TANGO ESCENARIO (LIBRE, AFICIONADOS Y PROFESIONALES)<\/h2>\n\n\n\n<p><strong>De la presentaci\u00f3n: <\/strong>Cada pareja har\u00e1 una presentaci\u00f3n individual con un tema musical elegido libremente que no deber\u00e1 exceder los cuatro (4) minutos.<\/p>\n\n\n\n<p>En caso de sufrir un problema en la coreograf\u00eda, quedar\u00e1 a criterio de la pareja continuar con la misma y el jurado evaluar\u00e1 el modo y la gracia con la que la pareja haya resuelto el inconveniente, pero no podr\u00e1 ser repetida.<\/p>\n\n\n\n<p>Ante un problema t\u00e9cnico la Organizaci\u00f3n junto con el Jurado evaluar\u00e1 la repetici\u00f3n de la coreograf\u00eda al final de la franja horaria asignada.<\/p>\n\n\n\n<p><strong>De los par\u00e1metros de evaluaci\u00f3n: <\/strong>Se podr\u00e1 bailar de acuerdo a la visi\u00f3n particular que cada int\u00e9rprete tiene de la danza del Tango argentino, entendi\u00e9ndose por esto que estar\u00e1 permitido utilizar movimientos, figuras y aplicaciones que no refieran directamente al Tango tradicional, pero deben estar presentes en la coreograf\u00eda las figuras cl\u00e1sicas del tango: los ochos, los giros, las caminatas largas, los boleos, los ganchos y el \u201cabrazo milonguero\u201d. Podr\u00e1 romperse el abrazo y utilizar t\u00e9cnicas que sean aporte de otras disciplinas de danza, siempre y cuando tengan raz\u00f3n de ser y se realicen en beneficio de la presentaci\u00f3n del int\u00e9rprete.<\/p>\n\n\n\n<p>Los trucos a\u00e9reos y dem\u00e1s movimientos propios de otras danzas no deben ser excesivos en la interpretaci\u00f3n. La pareja debe tener secuencias de desplazamiento al piso por todo el espacio esc\u00e9nico. La vestimenta podr\u00e1 ser considerada par\u00e1metro de evaluaci\u00f3n.<\/p>\n\n\n\n<h2 class=\"wp-block-heading\">DEL REGISTRO F\u00cdLMICO Y FOTOGR\u00c1FICO<\/h2>\n\n\n\n<p>La organizaci\u00f3n de la Preliminar deber\u00e1 tomar registro de todas las instancias del Campeonato, mediante cualquier tipo de soporte conocido o a conocerse, incluyendo \u2013sin limitar- la filmaci\u00f3n, grabaci\u00f3n, fotograf\u00eda, digitalizaci\u00f3n, por s\u00ed o mediante terceros autorizados al efecto, a fin de promocionar y difundir el evento. La organizaci\u00f3n de la Preliminar deber\u00e1 luego enviar \u00e9ste material a la Direcci\u00f3n General de Festivales.<\/p>\n\n\n\n<p>La sola inscripci\u00f3n en el Campeonato implica la autorizaci\u00f3n expresa e irrevocable, por parte de los participantes, sobre el uso de los registros realizados, sin que ello suponga, o haga suponer, ning\u00fan tipo de pago por ninguna causa que se pretenda por parte de la Organizaci\u00f3n de la Preliminar y\/o de la DGFNC a favor de ninguna persona u organizaci\u00f3n que se atribuya potestad sobre los derechos de imagen que se pudieran invocar. Esta cl\u00e1usula incluye tambi\u00e9n \u2013sin limitar- el material fotogr\u00e1fico que se publique y\/o que se disponga para promoci\u00f3n, publicidad, etc.<\/p>\n\n\n\n<h2 class=\"wp-block-heading\">DE LOS PREMIOS<\/h2>\n\n\n\n<p>Cada categor\u00eda oficial tendr\u00e1 una pareja ganadora o campeona, la que autom\u00e1ticamente quedar\u00e1 clasificada para competir en TANGO BUENOS AIRES FESTIVAL Y MUNDIAL 2025 en las instancias correspondientes: En el caso de Tango de Pista si la categoria presenta mas de 40 parejas, la pareja ganadora clasificar\u00e1 a la instancia Semifinal, en caso contrario clasificar\u00e1 a la instancia de Cuartos de Final. En Tango Escenario si la categor\u00eda presenta m\u00e1s de 20 parejas, la pareja campeona clasificar\u00e1 a la instancia Semifinal y en el caso contrario clasificar\u00e1 a Cuartos de Final de TANGO BUENOS AIRES<\/p>\n\n\n\n<p>FESTIVAL Y MUNDIAL 2025. Los ganadores de ambas categor\u00edas del Campeonato Europeo y del<\/p>\n\n\n\n<p>Campeonato Asi\u00e1tico clasifican directamente a la final.<\/p>\n\n\n\n<p>Todos los ganadores representar\u00e1n a la PRELIMINAR en la que obtuvieron el primer puesto y no a la ciudad de origen o residencia de sus integrantes, sin excepci\u00f3n.<\/p>\n\n\n\n<p>El primer premio de cada categor\u00eda estar\u00e1 a cargo de LA ORGANIZACI\u00d3N y consistir\u00e1 en la cobertura total de los costos de viaje y estad\u00eda de ambos integrantes de la pareja, incluyendo pasajes a\u00e9reos desde la ciudad de residencia de cada integrante de la pareja hasta la Ciudad de Buenos Aires, de tasas o visados, de alimentaci\u00f3n y alojamiento durante los d\u00edas en que se realice la Gala de Preliminares y las instancias de la competencia a las que hayan clasificado de TANGO BUENOS AIRES FESTIVAL Y MUNDIAL DE BAILE 2025, y a hasta que la pareja contin\u00fae en competencia.<\/p>\n\n\n\n<p>Ser\u00e1 obligaci\u00f3n de LA ORGANIZACI\u00d3N garantizar por todos los medios necesarios la presencia y participaci\u00f3n de la pareja ganadora en las instancias mencionadas.<\/p>\n\n\n\n<p>La organizaci\u00f3n podr\u00e1 establecer otros premios adicionales, debiendo todos los concursantes recibir el correspondiente certificado de participaci\u00f3n, que podr\u00e1 ser enviado en formato digital.<\/p>\n\n\n\n<p>Las parejas que resulten ganadoras en Preliminares con zona de influencia de Europa y Asia, podr\u00e1n participar en la final de los Campeonatos Europeo y Asi\u00e1tico, esta opci\u00f3n no es de car\u00e1cter obligatorio.<\/p>\n\n\n\n<p>Si la pareja que resulte ganadora en cualquiera de las categor\u00edas oficiales renuncia a participar en<\/p>\n\n\n\n<p>TANGO BUENOS AIRES FESTIVAL Y MUNDIAL 2025 representando a la PRELIMINAR, autom\u00e1ticamente renunciar\u00e1 tambi\u00e9n al premio consistente en la cobertura total de los costos de viaje y estad\u00eda en la Ciudad de Buenos Aires, quedando ambos integrantes de la pareja inhabilitados a participar en TANGO BUENOS AIRES FESTIVAL Y MUNDIAL 2025.<\/p>\n\n\n\n<p>En el caso en que una o ambas categor\u00edas hayan perdido su car\u00e1cter oficial por no haber contado con el m\u00ednimo de parejas requeridas, la Organizaci\u00f3n de la PRELIMINAR podr\u00e1 optar por ofrecer premios alternativos para la competencia, pero quedar\u00e1 eximida de premiar a la pareja ganadora con la cobertura total de los costos de viaje y estad\u00eda en la Ciudad de Buenos Aires.<\/p>\n\n\n\n<p>La inscripci\u00f3n y posterior acreditaci\u00f3n de cada pareja en la competencia supone el conocimiento y la aceptaci\u00f3n del presente reglamento por parte de cada uno de los participantes.<\/p>\n\n\n\n<p><\/p>\n","protected":false},"excerpt":{"rendered":"<p>Reglamento Preliminares Oficiales Internacionales de Tango Buenos Aires Festival y Mundial 2025 El presente reglamento rige para todas las Preliminares Oficiales Internacionales de Tango Buenos Aires Festival y Mundial a realizarse en el a\u00f1o 2025. La competencia de Baile de Tango (\u201cLA COMPETENCIA\u201d) estar\u00e1 comprendida por las categor\u00edas Tango de Pista y\/o Tango Escenario. Ambas [&hellip;]<\/p>\n","protected":false},"author":1,"featured_media":0,"parent":0,"menu_order":0,"comment_status":"closed","ping_status":"closed","template":"","meta":{"footnotes":""},"class_list":["post-56","page","type-page","status-publish","hentry"],"_links":{"self":[{"href":"https:\/\/nacionaldetango.cl\/index.php\/wp-json\/wp\/v2\/pages\/56","targetHints":{"allow":["GET"]}}],"collection":[{"href":"https:\/\/nacionaldetango.cl\/index.php\/wp-json\/wp\/v2\/pages"}],"about":[{"href":"https:\/\/nacionaldetango.cl\/index.php\/wp-json\/wp\/v2\/types\/page"}],"author":[{"embeddable":true,"href":"https:\/\/nacionaldetango.cl\/index.php\/wp-json\/wp\/v2\/users\/1"}],"replies":[{"embeddable":true,"href":"https:\/\/nacionaldetango.cl\/index.php\/wp-json\/wp\/v2\/comments?post=56"}],"version-history":[{"count":1,"href":"https:\/\/nacionaldetango.cl\/index.php\/wp-json\/wp\/v2\/pages\/56\/revisions"}],"predecessor-version":[{"id":57,"href":"https:\/\/nacionaldetango.cl\/index.php\/wp-json\/wp\/v2\/pages\/56\/revisions\/57"}],"wp:attachment":[{"href":"https:\/\/nacionaldetango.cl\/index.php\/wp-json\/wp\/v2\/media?parent=56"}],"curies":[{"name":"wp","href":"https:\/\/api.w.org\/{rel}","templated":true}]}}