{"id":306,"date":"2026-02-07T20:31:04","date_gmt":"2026-02-07T20:31:04","guid":{"rendered":"https:\/\/nacionaldetango.cl\/?page_id=306"},"modified":"2026-02-09T19:17:09","modified_gmt":"2026-02-09T19:17:09","slug":"clases-magistrales","status":"publish","type":"page","link":"https:\/\/nacionaldetango.cl\/index.php\/clases-magistrales\/","title":{"rendered":"Clases Magistrales"},"content":{"rendered":"\n<figure class=\"wp-block-image size-full\"><img loading=\"lazy\" decoding=\"async\" width=\"800\" height=\"1005\" src=\"https:\/\/nacionaldetango.cl\/wp-content\/uploads\/2026\/02\/talleres2-web.jpg\" alt=\"\" class=\"wp-image-304\" srcset=\"https:\/\/nacionaldetango.cl\/wp-content\/uploads\/2026\/02\/talleres2-web.jpg 800w, https:\/\/nacionaldetango.cl\/wp-content\/uploads\/2026\/02\/talleres2-web-239x300.jpg 239w, https:\/\/nacionaldetango.cl\/wp-content\/uploads\/2026\/02\/talleres2-web-768x965.jpg 768w\" sizes=\"auto, (max-width: 800px) 100vw, 800px\" \/><\/figure>\n\n\n\n<p>Inscr\u00edbete aqu\u00ed, pincha el icono de WhatsApp<\/p>\n\n\n\n<ul class=\"wp-block-social-links is-layout-flex wp-block-social-links-is-layout-flex\"><li class=\"wp-social-link wp-social-link-whatsapp  wp-block-social-link\"><a href=\"https:\/\/wa.me\/+56988358659\" class=\"wp-block-social-link-anchor\"><svg width=\"24\" height=\"24\" viewBox=\"0 0 24 24\" version=\"1.1\" xmlns=\"http:\/\/www.w3.org\/2000\/svg\" aria-hidden=\"true\" focusable=\"false\"><path d=\"M 12.011719 2 C 6.5057187 2 2.0234844 6.478375 2.0214844 11.984375 C 2.0204844 13.744375 2.4814687 15.462563 3.3554688 16.976562 L 2 22 L 7.2324219 20.763672 C 8.6914219 21.559672 10.333859 21.977516 12.005859 21.978516 L 12.009766 21.978516 C 17.514766 21.978516 21.995047 17.499141 21.998047 11.994141 C 22.000047 9.3251406 20.962172 6.8157344 19.076172 4.9277344 C 17.190172 3.0407344 14.683719 2.001 12.011719 2 z M 12.009766 4 C 14.145766 4.001 16.153109 4.8337969 17.662109 6.3417969 C 19.171109 7.8517969 20.000047 9.8581875 19.998047 11.992188 C 19.996047 16.396187 16.413812 19.978516 12.007812 19.978516 C 10.674812 19.977516 9.3544062 19.642812 8.1914062 19.007812 L 7.5175781 18.640625 L 6.7734375 18.816406 L 4.8046875 19.28125 L 5.2851562 17.496094 L 5.5019531 16.695312 L 5.0878906 15.976562 C 4.3898906 14.768562 4.0204844 13.387375 4.0214844 11.984375 C 4.0234844 7.582375 7.6067656 4 12.009766 4 z M 8.4765625 7.375 C 8.3095625 7.375 8.0395469 7.4375 7.8105469 7.6875 C 7.5815469 7.9365 6.9355469 8.5395781 6.9355469 9.7675781 C 6.9355469 10.995578 7.8300781 12.182609 7.9550781 12.349609 C 8.0790781 12.515609 9.68175 15.115234 12.21875 16.115234 C 14.32675 16.946234 14.754891 16.782234 15.212891 16.740234 C 15.670891 16.699234 16.690438 16.137687 16.898438 15.554688 C 17.106437 14.971687 17.106922 14.470187 17.044922 14.367188 C 16.982922 14.263188 16.816406 14.201172 16.566406 14.076172 C 16.317406 13.951172 15.090328 13.348625 14.861328 13.265625 C 14.632328 13.182625 14.464828 13.140625 14.298828 13.390625 C 14.132828 13.640625 13.655766 14.201187 13.509766 14.367188 C 13.363766 14.534188 13.21875 14.556641 12.96875 14.431641 C 12.71875 14.305641 11.914938 14.041406 10.960938 13.191406 C 10.218937 12.530406 9.7182656 11.714844 9.5722656 11.464844 C 9.4272656 11.215844 9.5585938 11.079078 9.6835938 10.955078 C 9.7955938 10.843078 9.9316406 10.663578 10.056641 10.517578 C 10.180641 10.371578 10.223641 10.267562 10.306641 10.101562 C 10.389641 9.9355625 10.347156 9.7890625 10.285156 9.6640625 C 10.223156 9.5390625 9.737625 8.3065 9.515625 7.8125 C 9.328625 7.3975 9.131125 7.3878594 8.953125 7.3808594 C 8.808125 7.3748594 8.6425625 7.375 8.4765625 7.375 z\"><\/path><\/svg><span class=\"wp-block-social-link-label screen-reader-text\">WhatsApp<\/span><\/a><\/li><\/ul>\n\n\n\n<p><strong>CLASES MAGISTRALES DE TANGO<br>13\u00b0 CAMPEONATO NACIONAL DE TANGO<br>PRELIMINAR CHILL\u00c1N \u2013 CHILE 2026:<\/strong><\/p>\n\n\n\n<p>La organizaci\u00f3n del 13\u00b0 Campeonato Nacional de Tango Preliminar Chill\u00e1n Chile 2026 implementa Clases Magistrales de Tango Pista y Tango Escenario, dirigidas a bailarines chilenos interesados en participar de la competencia (no excluye a quienes no participan, todos pueden hacerlo)<br>Estas instancias formativas tienen como objetivo potenciar el nivel t\u00e9cnico, art\u00edstico y competitivo, entregando herramientas fundamentales y los lineamientos oficiales de un Campeonato Mundial de Tango.<br>En esta oportunidad, contaremos con la presencia de dos emblem\u00e1ticas parejas argentinas, con una destacada trayectoria y amplia experiencia en Campeonatos Mundiales de Tango.<br>\ud83d\udccc <strong>MODALIDAD DE TRABAJO<\/strong><br>Se realizar\u00e1n cuatro m\u00f3dulos de formaci\u00f3n, dos por cada categor\u00eda:<br>Tango Pista<br>Tango Escenario<br>\ud83d\udcb0 Valor: $30.000 por persona.<br>(Incluye ambas categor\u00edas: Tango Pista y Tango Escenario)<br>\ud83e\ude70 <strong>TANGO PISTA<\/strong><br>Maestros Argentinos:<br>FABIANA VIDARTE &amp; RICHARD BOL\u00cdVAR<br>Metodolog\u00eda:<br>Dos m\u00f3dulos conectados entre s\u00ed.<br>\ud83d\udd39 M\u00f3dulo 1 (75 min):<br>Tango social en su expresi\u00f3n integral.<br>\ud83d\udd39 M\u00f3dulo 2 (90 min):<br>Enfoque competitivo: criterios y exigencias del campeonato.<br>Durante el trabajo se abordar\u00e1 el uso de orquestas en modo competencia, analizando matices, din\u00e1mica, musicalidad, ritmo y melod\u00eda.<br>\ud83d\udcc5 D\u00eda: S\u00e1bado 28 de marzo<br>\ud83d\udd52 Horario: 14:00 hrs<br>\ud83c\udfad <strong>TANGO ESCENARIO<\/strong><br>Maestros Argentinos \u2013 Campeones del Mundo:<br>GUIDO PALACIOS &amp; FLORENCIA Z\u00c1RATE<br>Metodolog\u00eda:<br>Dos m\u00f3dulos de 1 hora 30 minutos cada uno.<br>\ud83d\udd39 M\u00f3dulo 1:<br>Preparaci\u00f3n f\u00edsica, art\u00edstica y mental para el escenario.<br>\ud83d\udd39 M\u00f3dulo 2:<br>Din\u00e1micas del movimiento y uso del piso como aliado en las secuencias esc\u00e9nicas.<br>\ud83d\udd52 Horario: 16:30 hrs<\/p>\n","protected":false},"excerpt":{"rendered":"<p>Inscr\u00edbete aqu\u00ed, pincha el icono de WhatsApp CLASES MAGISTRALES DE TANGO13\u00b0 CAMPEONATO NACIONAL DE TANGOPRELIMINAR CHILL\u00c1N \u2013 CHILE 2026: La organizaci\u00f3n del 13\u00b0 Campeonato Nacional de Tango Preliminar Chill\u00e1n Chile 2026 implementa Clases Magistrales de Tango Pista y Tango Escenario, dirigidas a bailarines chilenos interesados en participar de la competencia (no excluye a quienes no [&hellip;]<\/p>\n","protected":false},"author":1,"featured_media":0,"parent":0,"menu_order":0,"comment_status":"closed","ping_status":"closed","template":"","meta":{"footnotes":""},"class_list":["post-306","page","type-page","status-publish","hentry"],"_links":{"self":[{"href":"https:\/\/nacionaldetango.cl\/index.php\/wp-json\/wp\/v2\/pages\/306","targetHints":{"allow":["GET"]}}],"collection":[{"href":"https:\/\/nacionaldetango.cl\/index.php\/wp-json\/wp\/v2\/pages"}],"about":[{"href":"https:\/\/nacionaldetango.cl\/index.php\/wp-json\/wp\/v2\/types\/page"}],"author":[{"embeddable":true,"href":"https:\/\/nacionaldetango.cl\/index.php\/wp-json\/wp\/v2\/users\/1"}],"replies":[{"embeddable":true,"href":"https:\/\/nacionaldetango.cl\/index.php\/wp-json\/wp\/v2\/comments?post=306"}],"version-history":[{"count":6,"href":"https:\/\/nacionaldetango.cl\/index.php\/wp-json\/wp\/v2\/pages\/306\/revisions"}],"predecessor-version":[{"id":338,"href":"https:\/\/nacionaldetango.cl\/index.php\/wp-json\/wp\/v2\/pages\/306\/revisions\/338"}],"wp:attachment":[{"href":"https:\/\/nacionaldetango.cl\/index.php\/wp-json\/wp\/v2\/media?parent=306"}],"curies":[{"name":"wp","href":"https:\/\/api.w.org\/{rel}","templated":true}]}}