{"id":18,"date":"2025-03-13T01:43:54","date_gmt":"2025-03-13T01:43:54","guid":{"rendered":"https:\/\/nacionaldetango.cl\/?page_id=18"},"modified":"2026-03-18T23:17:37","modified_gmt":"2026-03-18T23:17:37","slug":"bienvenidos-al-12-campeonato-nacional-de-tango-2025","status":"publish","type":"page","link":"https:\/\/nacionaldetango.cl\/","title":{"rendered":"Bienvenidos"},"content":{"rendered":"\n<figure class=\"wp-block-gallery has-nested-images columns-default is-cropped wp-block-gallery-1 is-layout-flex wp-block-gallery-is-layout-flex\">\n<figure class=\"wp-block-image size-large\"><img loading=\"lazy\" decoding=\"async\" width=\"820\" height=\"1024\" data-id=\"350\" src=\"https:\/\/nacionaldetango.cl\/wp-content\/uploads\/2026\/03\/talleres4-w-820x1024.jpg\" alt=\"\" class=\"wp-image-350\" srcset=\"https:\/\/nacionaldetango.cl\/wp-content\/uploads\/2026\/03\/talleres4-w-820x1024.jpg 820w, https:\/\/nacionaldetango.cl\/wp-content\/uploads\/2026\/03\/talleres4-w-240x300.jpg 240w, https:\/\/nacionaldetango.cl\/wp-content\/uploads\/2026\/03\/talleres4-w-768x959.jpg 768w, https:\/\/nacionaldetango.cl\/wp-content\/uploads\/2026\/03\/talleres4-w.jpg 1080w\" sizes=\"auto, (max-width: 820px) 100vw, 820px\" \/><\/figure>\n<\/figure>\n\n\n\n<p class=\"has-text-align-center\">Bienvenidos al 13\u00b0 Campeonato nacional de tango preliminar Chill\u00e1n Chile 2026.<\/p>\n\n\n\n<p>El campeonato Nacional de Tango se realiza hace 13 a\u00f1os en la ciudad de Chill\u00e1n y es organizado por el Centro cultural Espacio Danza, bajo la direcci\u00f3n del core\u00f3grafo y bailar\u00edn Jos\u00e9 Manuel Jamett, quien recibe la franquicia oficial a trav\u00e9s del ministerio de cultura del gobierno de la ciudad de Buenos Aires, organizadores del campeonato mundial de Tango.<\/p>\n\n\n\n<p>Esta nueva versi\u00f3n se realizar\u00e1 los d\u00edas 12 y 13  de junio en la regi\u00f3n de \u00d1uble capital Chill\u00e1n.<\/p>\n\n\n\n<p>El objetivo principal de este certamen es elegir a los mejores bailarines en categor\u00eda tango sal\u00f3n y tango escenario quienes representar\u00e1n al pa\u00eds en el pr\u00f3ximo mundial de tango. <\/p>\n\n\n\n<p>Sean todos Bienvenidos al evento tanguero m\u00e1s grande de Chile.<\/p>\n\n\n\n<h2 class=\"wp-block-heading\">Inscripciones abiertas<\/h2>\n\n\n<div class=\"wpforms-container wpforms-container-full wpforms-block wpforms-block-f5a20e22-f963-4f50-b2de-c88c12b167af wpforms-render-modern\" id=\"wpforms-43\"><form id=\"wpforms-form-43\" class=\"wpforms-validate wpforms-form wpforms-ajax-form\" data-formid=\"43\" method=\"post\" enctype=\"multipart\/form-data\" action=\"\/index.php\/wp-json\/wp\/v2\/pages\/18\" data-token=\"77c8216dc96c1a354eb856599127e258\" data-token-time=\"1776680849\"><noscript class=\"wpforms-error-noscript\">Por favor, activa JavaScript en tu navegador para completar este formulario.<\/noscript><div class=\"wpforms-hidden\" id=\"wpforms-error-noscript\">Por favor, activa JavaScript en tu navegador para completar este formulario.<\/div><div class=\"wpforms-field-container\"><div id=\"wpforms-43-field_7-container\" class=\"wpforms-field wpforms-field-text\" data-field-id=\"7\"><label class=\"wpforms-field-label\" for=\"wpforms-43-field_7\">Nombre competidor competidor 1 <span class=\"wpforms-required-label\" aria-hidden=\"true\">*<\/span><\/label><input type=\"text\" id=\"wpforms-43-field_7\" class=\"wpforms-field-medium wpforms-field-required\" name=\"wpforms[fields][7]\" aria-errormessage=\"wpforms-43-field_7-error\" required><\/div><div id=\"wpforms-43-field_8-container\" class=\"wpforms-field wpforms-field-text\" data-field-id=\"8\"><label class=\"wpforms-field-label\" for=\"wpforms-43-field_8\">Nombre competidor competidor 2 <span class=\"wpforms-required-label\" aria-hidden=\"true\">*<\/span><\/label><input type=\"text\" id=\"wpforms-43-field_8\" class=\"wpforms-field-medium wpforms-field-required\" name=\"wpforms[fields][8]\" aria-errormessage=\"wpforms-43-field_8-error\" required><\/div><div id=\"wpforms-43-field_4-container\" class=\"wpforms-field wpforms-field-number\" data-field-id=\"4\"><label class=\"wpforms-field-label\" for=\"wpforms-43-field_4\">Tel\u00e9fono <span class=\"wpforms-required-label\" aria-hidden=\"true\">*<\/span><\/label><input type=\"number\" id=\"wpforms-43-field_4\" class=\"wpforms-field-medium wpforms-field-required\" name=\"wpforms[fields][4]\" step=\"any\" aria-errormessage=\"wpforms-43-field_4-error\" required><\/div><div id=\"wpforms-43-field_6-container\" class=\"wpforms-field wpforms-field-email\" data-field-id=\"6\"><label class=\"wpforms-field-label\" for=\"wpforms-43-field_6\">Correo electr\u00f3nico <span class=\"wpforms-required-label\" aria-hidden=\"true\">*<\/span><\/label><input type=\"email\" id=\"wpforms-43-field_6\" class=\"wpforms-field-medium wpforms-field-required\" name=\"wpforms[fields][6]\" spellcheck=\"false\" aria-errormessage=\"wpforms-43-field_6-error\" required><\/div><div id=\"wpforms-43-field_2-container\" class=\"wpforms-field wpforms-field-text\" data-field-id=\"2\"><label class=\"wpforms-field-label\" for=\"wpforms-43-field_2\">Ciudad <span class=\"wpforms-required-label\" aria-hidden=\"true\">*<\/span><\/label><input type=\"text\" id=\"wpforms-43-field_2\" class=\"wpforms-field-medium wpforms-field-required\" name=\"wpforms[fields][2]\" aria-errormessage=\"wpforms-43-field_2-error\" required><\/div><div id=\"wpforms-43-field_5-container\" class=\"wpforms-field wpforms-field-radio\" data-field-id=\"5\"><fieldset><legend class=\"wpforms-field-label\">Clasificaciones<\/legend><ul id=\"wpforms-43-field_5\"><li class=\"choice-1 depth-1\"><input type=\"radio\" id=\"wpforms-43-field_5_1\" name=\"wpforms[fields][5]\" value=\"Tango Sal\u00f3n\" aria-errormessage=\"wpforms-43-field_5_1-error\"  ><label class=\"wpforms-field-label-inline\" for=\"wpforms-43-field_5_1\">Tango Sal\u00f3n<\/label><\/li><li class=\"choice-2 depth-1\"><input type=\"radio\" id=\"wpforms-43-field_5_2\" name=\"wpforms[fields][5]\" value=\"Tango Escenario\" aria-errormessage=\"wpforms-43-field_5_2-error\"  ><label class=\"wpforms-field-label-inline\" for=\"wpforms-43-field_5_2\">Tango Escenario<\/label><\/li><\/ul><\/fieldset><\/div><\/div><!-- .wpforms-field-container --><div class=\"wpforms-submit-container\" ><input type=\"hidden\" name=\"wpforms[id]\" value=\"43\"><input type=\"hidden\" name=\"page_title\" value=\"\"><input type=\"hidden\" name=\"page_url\" value=\"https:\/\/nacionaldetango.cl\/index.php\/wp-json\/wp\/v2\/pages\/18\"><input type=\"hidden\" name=\"url_referer\" value=\"\"><button type=\"submit\" name=\"wpforms[submit]\" id=\"wpforms-submit-43\" class=\"wpforms-submit\" data-alt-text=\"Enviando...\" data-submit-text=\"Enviar\" aria-live=\"assertive\" value=\"wpforms-submit\">Enviar<\/button><img loading=\"lazy\" decoding=\"async\" src=\"https:\/\/nacionaldetango.cl\/wp-content\/plugins\/wpforms-lite\/assets\/images\/submit-spin.svg\" class=\"wpforms-submit-spinner\" style=\"display: none;\" width=\"26\" height=\"26\" alt=\"Cargando\"><\/div><\/form><\/div>  <!-- .wpforms-container -->","protected":false},"excerpt":{"rendered":"<p>Bienvenidos al 13\u00b0 Campeonato nacional de tango preliminar Chill\u00e1n Chile 2026. El campeonato Nacional de Tango se realiza hace 13 a\u00f1os en la ciudad de Chill\u00e1n y es organizado por el Centro cultural Espacio Danza, bajo la direcci\u00f3n del core\u00f3grafo y bailar\u00edn Jos\u00e9 Manuel Jamett, quien recibe la franquicia oficial a trav\u00e9s del ministerio de [&hellip;]<\/p>\n","protected":false},"author":1,"featured_media":353,"parent":0,"menu_order":0,"comment_status":"closed","ping_status":"closed","template":"","meta":{"footnotes":""},"class_list":["post-18","page","type-page","status-publish","has-post-thumbnail","hentry"],"_links":{"self":[{"href":"https:\/\/nacionaldetango.cl\/index.php\/wp-json\/wp\/v2\/pages\/18","targetHints":{"allow":["GET"]}}],"collection":[{"href":"https:\/\/nacionaldetango.cl\/index.php\/wp-json\/wp\/v2\/pages"}],"about":[{"href":"https:\/\/nacionaldetango.cl\/index.php\/wp-json\/wp\/v2\/types\/page"}],"author":[{"embeddable":true,"href":"https:\/\/nacionaldetango.cl\/index.php\/wp-json\/wp\/v2\/users\/1"}],"replies":[{"embeddable":true,"href":"https:\/\/nacionaldetango.cl\/index.php\/wp-json\/wp\/v2\/comments?post=18"}],"version-history":[{"count":13,"href":"https:\/\/nacionaldetango.cl\/index.php\/wp-json\/wp\/v2\/pages\/18\/revisions"}],"predecessor-version":[{"id":352,"href":"https:\/\/nacionaldetango.cl\/index.php\/wp-json\/wp\/v2\/pages\/18\/revisions\/352"}],"wp:featuredmedia":[{"embeddable":true,"href":"https:\/\/nacionaldetango.cl\/index.php\/wp-json\/wp\/v2\/media\/353"}],"wp:attachment":[{"href":"https:\/\/nacionaldetango.cl\/index.php\/wp-json\/wp\/v2\/media?parent=18"}],"curies":[{"name":"wp","href":"https:\/\/api.w.org\/{rel}","templated":true}]}}